{"id":114,"date":"2021-05-03T13:29:33","date_gmt":"2021-05-03T13:29:33","guid":{"rendered":"https:\/\/www.cocukludunya.com\/kurumsalhizmetler\/contact-2\/"},"modified":"2022-01-09T13:08:41","modified_gmt":"2022-01-09T13:08:41","slug":"kurumsal-iletisim","status":"publish","type":"page","link":"https:\/\/www.cocukludunya.com\/kurumsal-hizmetler\/kurumsal-iletisim\/","title":{"rendered":"Kurumsal \u0130leti\u015fim | \u00c7ocukluD\u00fcnya"},"content":{"rendered":"\t\t<div data-elementor-type=\"wp-page\" data-elementor-id=\"114\" class=\"elementor elementor-114\">\n\t\t\t\t\t\t\t\t\t<section class=\"elementor-section elementor-top-section elementor-element elementor-element-4955350 elementor-section-boxed elementor-section-height-default elementor-section-height-default\" data-id=\"4955350\" data-element_type=\"section\" data-settings=\"{&quot;background_background&quot;:&quot;classic&quot;}\">\n\t\t\t\t\t\t\t<div class=\"elementor-background-overlay\"><\/div>\n\t\t\t\t\t\t\t<div class=\"elementor-container elementor-column-gap-no\">\n\t\t\t\t\t<div class=\"elementor-column elementor-col-100 elementor-top-column elementor-element elementor-element-589aaa5\" data-id=\"589aaa5\" data-element_type=\"column\">\n\t\t\t<div class=\"elementor-widget-wrap elementor-element-populated\">\n\t\t\t\t\t\t\t\t<div class=\"elementor-element elementor-element-ba92ffa elementor-widget elementor-widget-heading\" data-id=\"ba92ffa\" data-element_type=\"widget\" data-widget_type=\"heading.default\">\n\t\t\t\t<div class=\"elementor-widget-container\">\n\t\t\t<style>\/*! elementor - v3.15.0 - 20-08-2023 *\/\n.elementor-heading-title{padding:0;margin:0;line-height:1}.elementor-widget-heading .elementor-heading-title[class*=elementor-size-]>a{color:inherit;font-size:inherit;line-height:inherit}.elementor-widget-heading .elementor-heading-title.elementor-size-small{font-size:15px}.elementor-widget-heading .elementor-heading-title.elementor-size-medium{font-size:19px}.elementor-widget-heading .elementor-heading-title.elementor-size-large{font-size:29px}.elementor-widget-heading .elementor-heading-title.elementor-size-xl{font-size:39px}.elementor-widget-heading .elementor-heading-title.elementor-size-xxl{font-size:59px}<\/style><h1 class=\"elementor-heading-title elementor-size-default\">\u0130leti\u015fim<\/h1>\t\t<\/div>\n\t\t\t\t<\/div>\n\t\t\t\t\t<\/div>\n\t\t<\/div>\n\t\t\t\t\t\t\t<\/div>\n\t\t<\/section>\n\t\t\t\t<section class=\"elementor-section elementor-top-section elementor-element elementor-element-3c7492a elementor-section-content-top elementor-section-boxed elementor-section-height-default elementor-section-height-default\" data-id=\"3c7492a\" data-element_type=\"section\" data-settings=\"{&quot;background_background&quot;:&quot;classic&quot;}\">\n\t\t\t\t\t\t<div class=\"elementor-container elementor-column-gap-no\">\n\t\t\t\t\t<div class=\"elementor-column elementor-col-100 elementor-top-column elementor-element elementor-element-6b640f9\" data-id=\"6b640f9\" data-element_type=\"column\">\n\t\t\t<div class=\"elementor-widget-wrap elementor-element-populated\">\n\t\t\t\t\t\t\t\t<div class=\"elementor-element elementor-element-3f74cde elementor-widget elementor-widget-heading\" data-id=\"3f74cde\" data-element_type=\"widget\" data-widget_type=\"heading.default\">\n\t\t\t\t<div class=\"elementor-widget-container\">\n\t\t\t<h2 class=\"elementor-heading-title elementor-size-default\">Size nas\u0131l yard\u0131mc\u0131 olabiliriz?<\/h2>\t\t<\/div>\n\t\t\t\t<\/div>\n\t\t\t\t<div class=\"elementor-element elementor-element-f47e966 elementor-icon-list--layout-traditional elementor-list-item-link-full_width elementor-widget elementor-widget-icon-list\" data-id=\"f47e966\" data-element_type=\"widget\" data-widget_type=\"icon-list.default\">\n\t\t\t\t<div class=\"elementor-widget-container\">\n\t\t\t<link rel=\"stylesheet\" href=\"https:\/\/www.cocukludunya.com\/kurumsal-hizmetler\/wp-content\/plugins\/elementor\/assets\/css\/widget-icon-list.min.css\">\t\t<ul class=\"elementor-icon-list-items\">\n\t\t\t\t\t\t\t<li class=\"elementor-icon-list-item\">\n\t\t\t\t\t\t\t\t\t\t\t<span class=\"elementor-icon-list-icon\">\n\t\t\t\t\t\t\t<i aria-hidden=\"true\" class=\"fas fa-phone-alt\"><\/i>\t\t\t\t\t\t<\/span>\n\t\t\t\t\t\t\t\t\t\t<span class=\"elementor-icon-list-text\">0549 310 3100<\/span>\n\t\t\t\t\t\t\t\t\t<\/li>\n\t\t\t\t\t\t\t\t<li class=\"elementor-icon-list-item\">\n\t\t\t\t\t\t\t\t\t\t\t<a href=\"mailto:bilgi@cocukludunya.com\">\n\n\t\t\t\t\t\t\t\t\t\t\t\t<span class=\"elementor-icon-list-icon\">\n\t\t\t\t\t\t\t<i aria-hidden=\"true\" class=\"fas fa-mail-bulk\"><\/i>\t\t\t\t\t\t<\/span>\n\t\t\t\t\t\t\t\t\t\t<span class=\"elementor-icon-list-text\">bilgi@cocukludunya.com<\/span>\n\t\t\t\t\t\t\t\t\t\t\t<\/a>\n\t\t\t\t\t\t\t\t\t<\/li>\n\t\t\t\t\t\t\t\t<li class=\"elementor-icon-list-item\">\n\t\t\t\t\t\t\t\t\t\t\t<a href=\"https:\/\/wa.me\/905493103100\">\n\n\t\t\t\t\t\t\t\t\t\t\t\t<span class=\"elementor-icon-list-icon\">\n\t\t\t\t\t\t\t<i aria-hidden=\"true\" class=\"fab fa-whatsapp-square\"><\/i>\t\t\t\t\t\t<\/span>\n\t\t\t\t\t\t\t\t\t\t<span class=\"elementor-icon-list-text\">0549 310 3100<\/span>\n\t\t\t\t\t\t\t\t\t\t\t<\/a>\n\t\t\t\t\t\t\t\t\t<\/li>\n\t\t\t\t\t\t<\/ul>\n\t\t\t\t<\/div>\n\t\t\t\t<\/div>\n\t\t\t\t\t<\/div>\n\t\t<\/div>\n\t\t\t\t\t\t\t<\/div>\n\t\t<\/section>\n\t\t\t\t\t\t\t<\/div>\n\t\t","protected":false},"excerpt":{"rendered":"<p>\u0130leti\u015fim Size nas\u0131l yard\u0131mc\u0131 olabiliriz? 0549 310 3100 bilgi@cocukludunya.com 0549 310 3100<\/p>\n","protected":false},"author":2,"featured_media":0,"parent":0,"menu_order":0,"comment_status":"closed","ping_status":"closed","template":"","meta":{"site-sidebar-layout":"no-sidebar","site-content-layout":"page-builder","ast-global-header-display":"","ast-banner-title-visibility":"","ast-main-header-display":"","ast-hfb-above-header-display":"","ast-hfb-below-header-display":"","ast-hfb-mobile-header-display":"","site-post-title":"disabled","ast-breadcrumbs-content":"","ast-featured-img":"disabled","footer-sml-layout":"","theme-transparent-header-meta":"disabled","adv-header-id-meta":"","stick-header-meta":"","header-above-stick-meta":"","header-main-stick-meta":"","header-below-stick-meta":"","footnotes":""},"class_list":["post-114","page","type-page","status-publish","hentry"],"yoast_head":"<!-- This site is optimized with the Yoast SEO plugin v25.0 - https:\/\/yoast.com\/wordpress\/plugins\/seo\/ -->\n<title>Kurumsal \u0130leti\u015fim | \u00c7ocukluD\u00fcnya - Kurumsal Organizasyon ve \u015eirket \u0130\u00e7i Motivasyon Etkinlikleri<\/title>\n<meta name=\"description\" content=\"\u015eirket organizasyonlar\u0131 i\u00e7in bizimle ileti\u015fime ge\u00e7ebilirsiniz.\" \/>\n<meta name=\"robots\" content=\"index, follow, max-snippet:-1, max-image-preview:large, max-video-preview:-1\" \/>\n<link rel=\"canonical\" href=\"https:\/\/www.cocukludunya.com\/kurumsal-hizmetler\/kurumsal-iletisim\/\" \/>\n<meta property=\"og:locale\" content=\"tr_TR\" \/>\n<meta property=\"og:type\" content=\"article\" \/>\n<meta property=\"og:title\" content=\"Kurumsal \u0130leti\u015fim | \u00c7ocukluD\u00fcnya - Kurumsal Organizasyon ve \u015eirket \u0130\u00e7i Motivasyon Etkinlikleri\" \/>\n<meta property=\"og:description\" content=\"\u015eirket organizasyonlar\u0131 i\u00e7in bizimle ileti\u015fime ge\u00e7ebilirsiniz.\" \/>\n<meta property=\"og:url\" content=\"https:\/\/www.cocukludunya.com\/kurumsal-hizmetler\/kurumsal-iletisim\/\" \/>\n<meta property=\"og:site_name\" content=\"Kurumsal Organizasyon ve \u015eirket \u0130\u00e7i Motivasyon Etkinlikleri\" \/>\n<meta property=\"article:publisher\" content=\"https:\/\/www.facebook.com\/CocukluDunya\/\" \/>\n<meta property=\"article:modified_time\" content=\"2022-01-09T13:08:41+00:00\" \/>\n<meta name=\"twitter:card\" content=\"summary_large_image\" \/>\n<meta name=\"twitter:label1\" content=\"Tahmini okuma s\u00fcresi\" \/>\n\t<meta name=\"twitter:data1\" content=\"1 dakika\" \/>\n<script type=\"application\/ld+json\" class=\"yoast-schema-graph\">{\"@context\":\"https:\/\/schema.org\",\"@graph\":[{\"@type\":\"WebPage\",\"@id\":\"https:\/\/www.cocukludunya.com\/kurumsal-hizmetler\/kurumsal-iletisim\/\",\"url\":\"https:\/\/www.cocukludunya.com\/kurumsal-hizmetler\/kurumsal-iletisim\/\",\"name\":\"Kurumsal \u0130leti\u015fim | \u00c7ocukluD\u00fcnya - Kurumsal Organizasyon ve \u015eirket \u0130\u00e7i Motivasyon Etkinlikleri\",\"isPartOf\":{\"@id\":\"https:\/\/www.cocukludunya.com\/kurumsal-hizmetler\/#website\"},\"datePublished\":\"2021-05-03T13:29:33+00:00\",\"dateModified\":\"2022-01-09T13:08:41+00:00\",\"description\":\"\u015eirket organizasyonlar\u0131 i\u00e7in bizimle ileti\u015fime ge\u00e7ebilirsiniz.\",\"breadcrumb\":{\"@id\":\"https:\/\/www.cocukludunya.com\/kurumsal-hizmetler\/kurumsal-iletisim\/#breadcrumb\"},\"inLanguage\":\"tr\",\"potentialAction\":[{\"@type\":\"ReadAction\",\"target\":[\"https:\/\/www.cocukludunya.com\/kurumsal-hizmetler\/kurumsal-iletisim\/\"]}]},{\"@type\":\"BreadcrumbList\",\"@id\":\"https:\/\/www.cocukludunya.com\/kurumsal-hizmetler\/kurumsal-iletisim\/#breadcrumb\",\"itemListElement\":[{\"@type\":\"ListItem\",\"position\":1,\"name\":\"Anasayfa\",\"item\":\"https:\/\/www.cocukludunya.com\/kurumsal-hizmetler\/\"},{\"@type\":\"ListItem\",\"position\":2,\"name\":\"Kurumsal \u0130leti\u015fim | \u00c7ocukluD\u00fcnya\"}]},{\"@type\":\"WebSite\",\"@id\":\"https:\/\/www.cocukludunya.com\/kurumsal-hizmetler\/#website\",\"url\":\"https:\/\/www.cocukludunya.com\/kurumsal-hizmetler\/\",\"name\":\"Kurumsal Organizasyon ve \u015eirket \u0130\u00e7i Motivasyon Etkinlikleri\",\"description\":\"\u015eirket Etkinlikleri | \u00c7ocukluD\u00fcnya Kurumsal\",\"publisher\":{\"@id\":\"https:\/\/www.cocukludunya.com\/kurumsal-hizmetler\/#organization\"},\"potentialAction\":[{\"@type\":\"SearchAction\",\"target\":{\"@type\":\"EntryPoint\",\"urlTemplate\":\"https:\/\/www.cocukludunya.com\/kurumsal-hizmetler\/?s={search_term_string}\"},\"query-input\":{\"@type\":\"PropertyValueSpecification\",\"valueRequired\":true,\"valueName\":\"search_term_string\"}}],\"inLanguage\":\"tr\"},{\"@type\":\"Organization\",\"@id\":\"https:\/\/www.cocukludunya.com\/kurumsal-hizmetler\/#organization\",\"name\":\"\u00c7ocukluD\u00fcnya Kurumsal Hizmetlerimiz\",\"url\":\"https:\/\/www.cocukludunya.com\/kurumsal-hizmetler\/\",\"logo\":{\"@type\":\"ImageObject\",\"inLanguage\":\"tr\",\"@id\":\"https:\/\/www.cocukludunya.com\/kurumsal-hizmetler\/#\/schema\/logo\/image\/\",\"url\":\"https:\/\/www.cocukludunya.com\/kurumsal-hizmetler\/wp-content\/uploads\/cropped-cropped-cropped-CocukluDunya-kurumsal-logo.png\",\"contentUrl\":\"https:\/\/www.cocukludunya.com\/kurumsal-hizmetler\/wp-content\/uploads\/cropped-cropped-cropped-CocukluDunya-kurumsal-logo.png\",\"width\":893,\"height\":550,\"caption\":\"\u00c7ocukluD\u00fcnya Kurumsal Hizmetlerimiz\"},\"image\":{\"@id\":\"https:\/\/www.cocukludunya.com\/kurumsal-hizmetler\/#\/schema\/logo\/image\/\"},\"sameAs\":[\"https:\/\/www.facebook.com\/CocukluDunya\/\",\"https:\/\/www.instagram.com\/cocukludunya\/\",\"https:\/\/www.youtube.com\/c\/cocukludunya\",\"https:\/\/www.tiktok.com\/@cocukludunya\"]}]}<\/script>\n<!-- \/ Yoast SEO plugin. -->","yoast_head_json":{"title":"Kurumsal \u0130leti\u015fim | \u00c7ocukluD\u00fcnya - Kurumsal Organizasyon ve \u015eirket \u0130\u00e7i Motivasyon Etkinlikleri","description":"\u015eirket organizasyonlar\u0131 i\u00e7in bizimle ileti\u015fime ge\u00e7ebilirsiniz.","robots":{"index":"index","follow":"follow","max-snippet":"max-snippet:-1","max-image-preview":"max-image-preview:large","max-video-preview":"max-video-preview:-1"},"canonical":"https:\/\/www.cocukludunya.com\/kurumsal-hizmetler\/kurumsal-iletisim\/","og_locale":"tr_TR","og_type":"article","og_title":"Kurumsal \u0130leti\u015fim | \u00c7ocukluD\u00fcnya - Kurumsal Organizasyon ve \u015eirket \u0130\u00e7i Motivasyon Etkinlikleri","og_description":"\u015eirket organizasyonlar\u0131 i\u00e7in bizimle ileti\u015fime ge\u00e7ebilirsiniz.","og_url":"https:\/\/www.cocukludunya.com\/kurumsal-hizmetler\/kurumsal-iletisim\/","og_site_name":"Kurumsal Organizasyon ve \u015eirket \u0130\u00e7i Motivasyon Etkinlikleri","article_publisher":"https:\/\/www.facebook.com\/CocukluDunya\/","article_modified_time":"2022-01-09T13:08:41+00:00","twitter_card":"summary_large_image","twitter_misc":{"Tahmini okuma s\u00fcresi":"1 dakika"},"schema":{"@context":"https:\/\/schema.org","@graph":[{"@type":"WebPage","@id":"https:\/\/www.cocukludunya.com\/kurumsal-hizmetler\/kurumsal-iletisim\/","url":"https:\/\/www.cocukludunya.com\/kurumsal-hizmetler\/kurumsal-iletisim\/","name":"Kurumsal \u0130leti\u015fim | \u00c7ocukluD\u00fcnya - Kurumsal Organizasyon ve \u015eirket \u0130\u00e7i Motivasyon Etkinlikleri","isPartOf":{"@id":"https:\/\/www.cocukludunya.com\/kurumsal-hizmetler\/#website"},"datePublished":"2021-05-03T13:29:33+00:00","dateModified":"2022-01-09T13:08:41+00:00","description":"\u015eirket organizasyonlar\u0131 i\u00e7in bizimle ileti\u015fime ge\u00e7ebilirsiniz.","breadcrumb":{"@id":"https:\/\/www.cocukludunya.com\/kurumsal-hizmetler\/kurumsal-iletisim\/#breadcrumb"},"inLanguage":"tr","potentialAction":[{"@type":"ReadAction","target":["https:\/\/www.cocukludunya.com\/kurumsal-hizmetler\/kurumsal-iletisim\/"]}]},{"@type":"BreadcrumbList","@id":"https:\/\/www.cocukludunya.com\/kurumsal-hizmetler\/kurumsal-iletisim\/#breadcrumb","itemListElement":[{"@type":"ListItem","position":1,"name":"Anasayfa","item":"https:\/\/www.cocukludunya.com\/kurumsal-hizmetler\/"},{"@type":"ListItem","position":2,"name":"Kurumsal \u0130leti\u015fim | \u00c7ocukluD\u00fcnya"}]},{"@type":"WebSite","@id":"https:\/\/www.cocukludunya.com\/kurumsal-hizmetler\/#website","url":"https:\/\/www.cocukludunya.com\/kurumsal-hizmetler\/","name":"Kurumsal Organizasyon ve \u015eirket \u0130\u00e7i Motivasyon Etkinlikleri","description":"\u015eirket Etkinlikleri | \u00c7ocukluD\u00fcnya Kurumsal","publisher":{"@id":"https:\/\/www.cocukludunya.com\/kurumsal-hizmetler\/#organization"},"potentialAction":[{"@type":"SearchAction","target":{"@type":"EntryPoint","urlTemplate":"https:\/\/www.cocukludunya.com\/kurumsal-hizmetler\/?s={search_term_string}"},"query-input":{"@type":"PropertyValueSpecification","valueRequired":true,"valueName":"search_term_string"}}],"inLanguage":"tr"},{"@type":"Organization","@id":"https:\/\/www.cocukludunya.com\/kurumsal-hizmetler\/#organization","name":"\u00c7ocukluD\u00fcnya Kurumsal Hizmetlerimiz","url":"https:\/\/www.cocukludunya.com\/kurumsal-hizmetler\/","logo":{"@type":"ImageObject","inLanguage":"tr","@id":"https:\/\/www.cocukludunya.com\/kurumsal-hizmetler\/#\/schema\/logo\/image\/","url":"https:\/\/www.cocukludunya.com\/kurumsal-hizmetler\/wp-content\/uploads\/cropped-cropped-cropped-CocukluDunya-kurumsal-logo.png","contentUrl":"https:\/\/www.cocukludunya.com\/kurumsal-hizmetler\/wp-content\/uploads\/cropped-cropped-cropped-CocukluDunya-kurumsal-logo.png","width":893,"height":550,"caption":"\u00c7ocukluD\u00fcnya Kurumsal Hizmetlerimiz"},"image":{"@id":"https:\/\/www.cocukludunya.com\/kurumsal-hizmetler\/#\/schema\/logo\/image\/"},"sameAs":["https:\/\/www.facebook.com\/CocukluDunya\/","https:\/\/www.instagram.com\/cocukludunya\/","https:\/\/www.youtube.com\/c\/cocukludunya","https:\/\/www.tiktok.com\/@cocukludunya"]}]}},"_links":{"self":[{"href":"https:\/\/www.cocukludunya.com\/kurumsal-hizmetler\/wp-json\/wp\/v2\/pages\/114","targetHints":{"allow":["GET"]}}],"collection":[{"href":"https:\/\/www.cocukludunya.com\/kurumsal-hizmetler\/wp-json\/wp\/v2\/pages"}],"about":[{"href":"https:\/\/www.cocukludunya.com\/kurumsal-hizmetler\/wp-json\/wp\/v2\/types\/page"}],"author":[{"embeddable":true,"href":"https:\/\/www.cocukludunya.com\/kurumsal-hizmetler\/wp-json\/wp\/v2\/users\/2"}],"replies":[{"embeddable":true,"href":"https:\/\/www.cocukludunya.com\/kurumsal-hizmetler\/wp-json\/wp\/v2\/comments?post=114"}],"version-history":[{"count":0,"href":"https:\/\/www.cocukludunya.com\/kurumsal-hizmetler\/wp-json\/wp\/v2\/pages\/114\/revisions"}],"wp:attachment":[{"href":"https:\/\/www.cocukludunya.com\/kurumsal-hizmetler\/wp-json\/wp\/v2\/media?parent=114"}],"curies":[{"name":"wp","href":"https:\/\/api.w.org\/{rel}","templated":true}]}}