{"id":1568,"date":"2023-04-28T11:11:13","date_gmt":"2023-04-28T11:11:13","guid":{"rendered":"https:\/\/www.cocukludunya.com\/kurumsal-hizmetler\/?page_id=1568"},"modified":"2023-05-08T17:28:03","modified_gmt":"2023-05-08T17:28:03","slug":"anneler-gunu-etkinlikleri","status":"publish","type":"page","link":"https:\/\/www.cocukludunya.com\/kurumsal-hizmetler\/anneler-gunu-etkinlikleri\/","title":{"rendered":"Anneler G\u00fcn\u00fc etkinlikleri"},"content":{"rendered":"\t\t<div data-elementor-type=\"wp-page\" data-elementor-id=\"1568\" class=\"elementor elementor-1568\">\n\t\t\t\t\t\t\t\t\t<section class=\"elementor-section elementor-top-section elementor-element elementor-element-31f92d9a elementor-section-content-bottom elementor-section-boxed elementor-section-height-default elementor-section-height-default\" data-id=\"31f92d9a\" data-element_type=\"section\" data-settings=\"{&quot;background_background&quot;:&quot;classic&quot;}\">\n\t\t\t\t\t\t\t<div class=\"elementor-background-overlay\"><\/div>\n\t\t\t\t\t\t\t<div class=\"elementor-container elementor-column-gap-no\">\n\t\t\t\t\t<div class=\"elementor-column elementor-col-100 elementor-top-column elementor-element elementor-element-61f897aa\" data-id=\"61f897aa\" data-element_type=\"column\">\n\t\t\t<div class=\"elementor-widget-wrap elementor-element-populated\">\n\t\t\t\t\t\t\t\t<div class=\"elementor-element elementor-element-bd4dc07 elementor-widget elementor-widget-heading\" data-id=\"bd4dc07\" data-element_type=\"widget\" data-widget_type=\"heading.default\">\n\t\t\t\t<div class=\"elementor-widget-container\">\n\t\t\t<style>\/*! elementor - v3.15.0 - 20-08-2023 *\/\n.elementor-heading-title{padding:0;margin:0;line-height:1}.elementor-widget-heading .elementor-heading-title[class*=elementor-size-]>a{color:inherit;font-size:inherit;line-height:inherit}.elementor-widget-heading .elementor-heading-title.elementor-size-small{font-size:15px}.elementor-widget-heading .elementor-heading-title.elementor-size-medium{font-size:19px}.elementor-widget-heading .elementor-heading-title.elementor-size-large{font-size:29px}.elementor-widget-heading .elementor-heading-title.elementor-size-xl{font-size:39px}.elementor-widget-heading .elementor-heading-title.elementor-size-xxl{font-size:59px}<\/style><h1 class=\"elementor-heading-title elementor-size-default\">\u015eirketler i\u00e7in Anneler G\u00fcn\u00fc Etkinlikleri<\/h1>\t\t<\/div>\n\t\t\t\t<\/div>\n\t\t\t\t\t<\/div>\n\t\t<\/div>\n\t\t\t\t\t\t\t<\/div>\n\t\t<\/section>\n\t\t\t\t<section class=\"elementor-section elementor-top-section elementor-element elementor-element-485d1c6 elementor-section-boxed elementor-section-height-default elementor-section-height-default\" data-id=\"485d1c6\" data-element_type=\"section\">\n\t\t\t\t\t\t<div class=\"elementor-container elementor-column-gap-default\">\n\t\t\t\t\t<div class=\"elementor-column elementor-col-100 elementor-top-column elementor-element elementor-element-1f5c0b8\" data-id=\"1f5c0b8\" data-element_type=\"column\">\n\t\t\t<div class=\"elementor-widget-wrap elementor-element-populated\">\n\t\t\t\t\t\t\t\t<div class=\"elementor-element elementor-element-e920598 elementor-widget elementor-widget-text-editor\" data-id=\"e920598\" data-element_type=\"widget\" data-widget_type=\"text-editor.default\">\n\t\t\t\t<div class=\"elementor-widget-container\">\n\t\t\t<style>\/*! elementor - v3.15.0 - 20-08-2023 *\/\n.elementor-widget-text-editor.elementor-drop-cap-view-stacked .elementor-drop-cap{background-color:#69727d;color:#fff}.elementor-widget-text-editor.elementor-drop-cap-view-framed .elementor-drop-cap{color:#69727d;border:3px solid;background-color:transparent}.elementor-widget-text-editor:not(.elementor-drop-cap-view-default) .elementor-drop-cap{margin-top:8px}.elementor-widget-text-editor:not(.elementor-drop-cap-view-default) .elementor-drop-cap-letter{width:1em;height:1em}.elementor-widget-text-editor .elementor-drop-cap{float:left;text-align:center;line-height:1;font-size:50px}.elementor-widget-text-editor .elementor-drop-cap-letter{display:inline-block}<\/style>\t\t\t\t<p><\/p>\n<p>Anneler, ku\u015fkusuz hayat\u0131m\u0131z\u0131n en \u00f6nemli ve de\u011ferli varl\u0131klar\u0131d\u0131r. May\u0131s ay\u0131n\u0131n en \u00f6nemli ve keyifli g\u00fcnlerinden biri ise Anneler G\u00fcn\u00fc\u2019d\u00fcr. Bu g\u00fcn, her y\u0131l annelerimizi sevgi ve sayg\u0131 ile hat\u0131rlad\u0131\u011f\u0131m\u0131z \u00f6zel bir g\u00fcnd\u00fcr. Bu \u00f6zel g\u00fcnde, i\u015fin i\u00e7erisine \u00e7ocuklar da dahil oldu\u011fu i\u00e7in onlar ile yap\u0131lacak farkl\u0131 etkinlikler ve aktiviteler anne ve \u00e7ocuk aras\u0131ndaki ba\u011f\u0131 kuvvetlendirmek, ayn\u0131 zamanda da birlikte keyifli vakit ge\u00e7irmek i\u00e7in kullan\u0131labilir. B\u00f6ylece hem annelerimizi mutlu etmek, hem de \u00e7ocuklar\u0131n duygusal ve sosyal geli\u015fimine katk\u0131 sa\u011flama f\u0131rsat\u0131 olu\u015fturulmu\u015f olur.&nbsp;<\/p>\n<p>Bir\u00e7ok \u015firket de Anneler G\u00fcn\u00fc\u2019nde \u00e7al\u0131\u015fan anneleri ve \u00e7ocuklar\u0131 i\u00e7in etkinlikler d\u00fczenlemektedir. Bu etkinlikler kurumun kendi lokasyonunda olabilece\u011fi gibi online olarak da ger\u00e7ekle\u015ftirilebilir. \u00d6zellikle t\u00fcm T\u00fcrkiye\u2019ye yay\u0131lm\u0131\u015f olan firmalar, y\u00fcz y\u00fcze fiziksel etkinlik yerine t\u00fcm \u00e7al\u0131\u015fanlar\u0131na ula\u015fabilmek i\u00e7in online etkinlikleri tercih etmektedirler.<\/p>\n<h2>Anneler G\u00fcn\u00fc Nedir?<\/h2>\n<p>Anneler G\u00fcn\u00fc, t\u00fcm d\u00fcnyada farkl\u0131 tarihlerde kutlanan bir \u00f6zel g\u00fcnd\u00fcr. Genelde May\u0131s\u2019\u0131n 2. Haftas\u0131n\u0131n Pazar g\u00fcn\u00fcne denk getirilir. Bu \u00f6zel g\u00fcnde, annelerimize sevgimizi, sayg\u0131m\u0131z\u0131 ve takdirimizi g\u00f6stermek i\u00e7in \u00e7e\u015fitli etkinlikler yap\u0131labilir.<\/p>\n<h2>Anneler G\u00fcn\u00fc&#8217;n\u00fcn Ge\u00e7mi\u015fi<\/h2>\n<p>Anneler G\u00fcn\u00fc, ilk kez 1908 y\u0131l\u0131nda Amerika&#8217;da kutlanm\u0131\u015ft\u0131r. Anna Jarvis isimli bir kad\u0131n, annesinin \u00f6l\u00fcm\u00fcnden sonra anneleri onurland\u0131rmak i\u00e7in bir etkinlik d\u00fczenlemi\u015fti. Bu etkinlik, sonras\u0131nda t\u00fcm Amerika&#8217;ya yay\u0131ld\u0131 ve 1914 y\u0131l\u0131nda ABD Ba\u015fkan\u0131 Woodrow Wilson, Anneler G\u00fcn\u00fc&#8217;n\u00fc ulusal bir tatil olarak ilan etti. Daha sonra, t\u00fcm d\u00fcnyada kutlanan bir \u00f6zel g\u00fcn haline geldi.<\/p>\n<h2>Anneler G\u00fcn\u00fc&#8217;nde \u015eirket \u00c7al\u0131\u015fanlar\u0131 ve \u00c7ocuklar\u0131 ile Etkinlikler<\/h2>\n<p>\u00c7al\u0131\u015fanlar\u0131n ve \u00e7ocuklar\u0131n\u0131n kat\u0131laca\u011f\u0131 Anneler G\u00fcn\u00fc etkinlikleri, i\u015f yeri k\u00fclt\u00fcr\u00fcn\u00fc ve birlikte \u00e7al\u0131\u015fma ortam\u0131n\u0131 daha keyifli ve e\u011flenceli hale getirir. Bu etkinlikler, \u015firket \u00e7al\u0131\u015fanlar\u0131 aras\u0131ndaki ba\u011f\u0131 g\u00fc\u00e7lendirir ve \u00e7al\u0131\u015fanlar\u0131n daha mutlu ve motive olmalar\u0131na yard\u0131mc\u0131 olur. \u00c7ocuklar i\u00e7in Anneler G\u00fcn\u00fc etkinlikleri aras\u0131nda \u015funlar say\u0131labilir:<\/p>\n<ul>\n<li>Annemle Resim \u00c7iziyorum<\/li>\n<li>Anneler i\u00e7in Yarat\u0131c\u0131 Hikaye ve \u00c7izim At\u00f6lyesi<\/li>\n<li>Annemle Kukla Orkestras\u0131<\/li>\n<li>Annemle Ritim At\u00f6lyesi<\/li>\n<li>Annemle &#8220;Jive Dance&#8221; Yap\u0131yorum<\/li>\n<li>Anneme Portre Yap\u0131yorum<\/li>\n<li>Hediye Kolye At\u00f6lyesi<\/li>\n<li>Annemle Sa\u011fl\u0131kl\u0131 At\u0131\u015ft\u0131rmal\u0131klar Haz\u0131rl\u0131yorum<\/li>\n<li>Floral bro\u015f at\u00f6lyesi<\/li>\n<li>Deniz konseptli toka at\u00f6lyesi<\/li>\n<li>Annem i\u00e7in \u00e7anta tasarl\u0131yorum at\u00f6lyesi<\/li>\n<li>Annem i\u00e7in bileklik yap\u0131yorum<\/li>\n<li>Seramik At\u00f6lyesi<\/li>\n<li>Mozaik At\u00f6lyesi<\/li>\n<li>Lego heykel at\u00f6lyesi<\/li>\n<li>Maske boyama At\u00f6lyesi<\/li>\n<li>Ebru At\u00f6lyesi<\/li>\n<li>Maket At\u00f6lyesi<\/li>\n<\/ul>\n<p>Tek tek etkinlik yap\u0131labilece\u011fi gibi Anneler g\u00fcn\u00fcnde \u015fenlik de organize edilebilir.<\/p>\n<p>Bu at\u00f6lyelerde gerekli malzemeleri e\u011fer isterseniz sizi lokasyonlar\u0131n\u0131za, ya da direkt kat\u0131l\u0131mc\u0131lar\u0131n adreslerine de yollayabiliriz.<\/p>\n<h3>Anneler G\u00fcn\u00fc Etkinlikleri: \u00d6rnek Program\u0131<\/h3>\n<p style=\"padding-left: 40px;\">10:00-10:45 Annemle Sa\u011fl\u0131kl\u0131 At\u0131\u015ft\u0131rmal\u0131klar Haz\u0131rl\u0131yorum<\/p>\n<p style=\"padding-left: 40px;\">12:00-12:30 Annemle &#8220;Jive Dance&#8221; Yap\u0131yorum<\/p>\n<p style=\"padding-left: 40px;\">14:00-15:00 Anneme Kolye Yap\u0131yorum<\/p>\n<p style=\"padding-left: 40px;\">16:00-16.45 Annemle Ritim At\u00f6lyesindeyim<\/p>\n<p style=\"padding-left: 40px;\">20:00-20.45 Annelerimize \u00d6zel At\u00f6lye (Deri c\u00fczdan yap\u0131m at\u00f6lyesi, Tuval boyama at\u00f6lyesi)<\/p>\n<p>*Yeti\u015fkin at\u00f6lyelerimizi yaln\u0131zca annelere y\u00f6nelik de\u011fil t\u00fcm \u00e7al\u0131\u015fanlar\u0131n\u0131za y\u00f6nelik de duyurabilirsiniz.<\/p>\n<h2>Anneler G\u00fcn\u00fc&#8217;n\u00fcn \u00c7al\u0131\u015fanlara ve \u00c7ocuklar\u0131na Faydas\u0131 Nedir?<\/h2>\n<p>Anneler G\u00fcn\u00fc etkinlikleri, \u00e7ocuklar\u0131n duygusal ve sosyal geli\u015fimine \u00f6nemli katk\u0131lar sa\u011flar. Bu etkinlikler sayesinde \u00e7ocuklar, sevgi, sayg\u0131 ve takdir gibi de\u011ferleri \u00f6\u011frenirler. Ayr\u0131ca, el i\u015fi projeleri, resimler ve \u015fiirler haz\u0131rlayarak, yarat\u0131c\u0131l\u0131klar\u0131n\u0131 da geli\u015ftirebilirler. Anneler G\u00fcn\u00fc etkinlikleri, aile ba\u011flar\u0131n\u0131 g\u00fc\u00e7lendirir ve \u00e7ocuklar\u0131n annelerine daha yak\u0131n hissetmelerini sa\u011flar.<\/p>\n<p>Bu etkinlikler ayr\u0131ca, \u00e7al\u0131\u015fanlar\u0131n motivasyonunu da art\u0131r\u0131r. \u00c7al\u0131\u015fanlar, \u015firketlerinin kendileri ve aileleri i\u00e7in d\u00fczenledi\u011fi etkinlikleri g\u00f6rerek, kendilerini daha de\u011ferli ve \u00f6nemli hissederler. Bu da, \u00e7al\u0131\u015fanlar\u0131n i\u015f yerinde daha mutlu ve verimli olmalar\u0131na yard\u0131mc\u0131 olur.<\/p>\n<h2><span style=\"color: var(--ast-global-color-2); font-size: 3.05882rem; background-color: var(--ast-global-color-4);\">Anneler G\u00fcn\u00fc Etkinlikleri&nbsp;<\/span>\u00c7al\u0131\u015fanlar\u0131n Motivasyonuna Nas\u0131l Fayda Sa\u011flar?<\/h2>\n<p>\u015eirketler, \u00e7al\u0131\u015fanlar\u0131na ve ailelerine Anneler G\u00fcn\u00fc etkinlikleri d\u00fczenleyerek, \u00e7al\u0131\u015fanlar\u0131n motivasyonunu art\u0131rabilirler. Bu etkinlikler, \u00e7al\u0131\u015fanlar\u0131n i\u015f yerindeki stresi azalt\u0131r ve birlikte ge\u00e7irilen keyifli zaman, \u00e7al\u0131\u015fanlar\u0131n moral ve motivasyonunu y\u00fckseltir. Ayr\u0131ca, \u015firketlerin \u00e7al\u0131\u015fanlar\u0131na ve ailelerine verdi\u011fi \u00f6nem, \u00e7al\u0131\u015fanlar\u0131n \u015firkete ba\u011fl\u0131l\u0131\u011f\u0131n\u0131 art\u0131r\u0131r. Bu da, \u00e7al\u0131\u015fanlar\u0131n daha sad\u0131k ve verimli olmalar\u0131n\u0131 sa\u011flar.<\/p>\n<p>Anneler G\u00fcn\u00fc, annelerimizi hat\u0131rlad\u0131\u011f\u0131m\u0131z \u00f6zel bir g\u00fcnd\u00fcr. \u00c7ocuklar i\u00e7in Anneler G\u00fcn\u00fc etkinlikleri, annelerimizi mutlu etmenin yan\u0131 s\u0131ra, \u00e7ocuklar\u0131n duygusal ve sosyal geli\u015fimine katk\u0131 sa\u011flar. \u015eirketlerin \u00e7al\u0131\u015fanlar\u0131na ve ailelerine Anneler G\u00fcn\u00fc etkinlikleri d\u00fczenlemesi, \u00e7al\u0131\u015fanlar\u0131n motivasyonunu art\u0131r\u0131r ve i\u015f yerinde daha mutlu ve verimli bir ortam olu\u015fmas\u0131na yard\u0131mc\u0131 olur. Bu nedenle, Anneler G\u00fcn\u00fc etkinlikleri, i\u015f yerindeki k\u00fclt\u00fcr\u00fcn ve birlikte \u00e7al\u0131\u015fma ortam\u0131n\u0131n daha keyifli hale gelmesini sa\u011flar.<\/p>\t\t\t\t\t\t<\/div>\n\t\t\t\t<\/div>\n\t\t\t\t\t<\/div>\n\t\t<\/div>\n\t\t\t\t\t\t\t<\/div>\n\t\t<\/section>\n\t\t\t\t<section class=\"elementor-section elementor-top-section elementor-element elementor-element-2ec15d67 elementor-section-content-top elementor-section-boxed elementor-section-height-default elementor-section-height-default\" data-id=\"2ec15d67\" data-element_type=\"section\" data-settings=\"{&quot;background_background&quot;:&quot;classic&quot;}\">\n\t\t\t\t\t\t<div class=\"elementor-container elementor-column-gap-no\">\n\t\t\t\t\t<div class=\"elementor-column elementor-col-100 elementor-top-column elementor-element elementor-element-4c93ce1e\" data-id=\"4c93ce1e\" data-element_type=\"column\">\n\t\t\t<div class=\"elementor-widget-wrap elementor-element-populated\">\n\t\t\t\t\t\t\t\t<div class=\"elementor-element elementor-element-6bb30148 elementor-widget elementor-widget-heading\" data-id=\"6bb30148\" data-element_type=\"widget\" data-widget_type=\"heading.default\">\n\t\t\t\t<div class=\"elementor-widget-container\">\n\t\t\t<p class=\"elementor-heading-title elementor-size-large\"><b>Size nas\u0131l yard\u0131mc\u0131 olabiliriz?<\/b><\/p>\t\t<\/div>\n\t\t\t\t<\/div>\n\t\t\t\t<div class=\"elementor-element elementor-element-5f2006ce elementor-icon-list--layout-traditional elementor-list-item-link-full_width elementor-widget elementor-widget-icon-list\" data-id=\"5f2006ce\" data-element_type=\"widget\" data-widget_type=\"icon-list.default\">\n\t\t\t\t<div class=\"elementor-widget-container\">\n\t\t\t<link rel=\"stylesheet\" href=\"https:\/\/www.cocukludunya.com\/kurumsal-hizmetler\/wp-content\/plugins\/elementor\/assets\/css\/widget-icon-list.min.css\">\t\t<ul class=\"elementor-icon-list-items\">\n\t\t\t\t\t\t\t<li class=\"elementor-icon-list-item\">\n\t\t\t\t\t\t\t\t\t\t\t<span class=\"elementor-icon-list-icon\">\n\t\t\t\t\t\t\t<i aria-hidden=\"true\" class=\"fas fa-phone-alt\"><\/i>\t\t\t\t\t\t<\/span>\n\t\t\t\t\t\t\t\t\t\t<span class=\"elementor-icon-list-text\">0549 310 3100<\/span>\n\t\t\t\t\t\t\t\t\t<\/li>\n\t\t\t\t\t\t\t\t<li class=\"elementor-icon-list-item\">\n\t\t\t\t\t\t\t\t\t\t\t<a href=\"http:\/\/bilgi@cocukludunya.com\">\n\n\t\t\t\t\t\t\t\t\t\t\t\t<span class=\"elementor-icon-list-icon\">\n\t\t\t\t\t\t\t<i aria-hidden=\"true\" class=\"fas fa-mail-bulk\"><\/i>\t\t\t\t\t\t<\/span>\n\t\t\t\t\t\t\t\t\t\t<span class=\"elementor-icon-list-text\">bilgi@cocukludunya.com<\/span>\n\t\t\t\t\t\t\t\t\t\t\t<\/a>\n\t\t\t\t\t\t\t\t\t<\/li>\n\t\t\t\t\t\t<\/ul>\n\t\t\t\t<\/div>\n\t\t\t\t<\/div>\n\t\t\t\t\t<\/div>\n\t\t<\/div>\n\t\t\t\t\t\t\t<\/div>\n\t\t<\/section>\n\t\t\t\t\t\t\t<\/div>\n\t\t","protected":false},"excerpt":{"rendered":"<p>\u015eirketler i\u00e7in Anneler G\u00fcn\u00fc Etkinlikleri Anneler, ku\u015fkusuz hayat\u0131m\u0131z\u0131n en \u00f6nemli ve de\u011ferli varl\u0131klar\u0131d\u0131r. May\u0131s ay\u0131n\u0131n en \u00f6nemli ve keyifli g\u00fcnlerinden biri ise Anneler G\u00fcn\u00fc\u2019d\u00fcr. Bu g\u00fcn, her y\u0131l annelerimizi sevgi ve sayg\u0131 ile hat\u0131rlad\u0131\u011f\u0131m\u0131z \u00f6zel bir g\u00fcnd\u00fcr. Bu \u00f6zel g\u00fcnde, i\u015fin i\u00e7erisine \u00e7ocuklar da dahil oldu\u011fu i\u00e7in onlar ile yap\u0131lacak farkl\u0131 etkinlikler ve aktiviteler anne &hellip;<\/p>\n<p class=\"read-more\"> <a class=\"\" href=\"https:\/\/www.cocukludunya.com\/kurumsal-hizmetler\/anneler-gunu-etkinlikleri\/\"> <span class=\"screen-reader-text\">Anneler G\u00fcn\u00fc etkinlikleri<\/span> Devam\u0131 &raquo;<\/a><\/p>\n","protected":false},"author":2,"featured_media":0,"parent":0,"menu_order":0,"comment_status":"closed","ping_status":"closed","template":"","meta":{"site-sidebar-layout":"no-sidebar","site-content-layout":"page-builder","ast-global-header-display":"","ast-banner-title-visibility":"","ast-main-header-display":"","ast-hfb-above-header-display":"","ast-hfb-below-header-display":"","ast-hfb-mobile-header-display":"","site-post-title":"disabled","ast-breadcrumbs-content":"","ast-featured-img":"disabled","footer-sml-layout":"","theme-transparent-header-meta":"","adv-header-id-meta":"","stick-header-meta":"","header-above-stick-meta":"","header-main-stick-meta":"","header-below-stick-meta":"","footnotes":""},"class_list":["post-1568","page","type-page","status-publish","hentry"],"yoast_head":"<!-- This site is optimized with the Yoast SEO plugin v25.0 - https:\/\/yoast.com\/wordpress\/plugins\/seo\/ -->\n<title>\u015eirketler \u0130\u00e7in Anneler G\u00fcn\u00fc Etkinlikleri<\/title>\n<meta name=\"description\" content=\"Anneler G\u00fcn\u00fc Etkinlikleri \u015firket \u00e7al\u0131\u015fanlar\u0131n\u0131n motivasyonu i\u00e7in \u00e7ok \u00f6nemlidir. Sizin i\u00e7in etkinlikleri organize edebiliriz.\" \/>\n<meta name=\"robots\" content=\"index, follow, max-snippet:-1, max-image-preview:large, max-video-preview:-1\" \/>\n<link rel=\"canonical\" href=\"https:\/\/www.cocukludunya.com\/kurumsal-hizmetler\/anneler-gunu-etkinlikleri\/\" \/>\n<meta property=\"og:locale\" content=\"tr_TR\" \/>\n<meta property=\"og:type\" content=\"article\" \/>\n<meta property=\"og:title\" content=\"\u015eirketler \u0130\u00e7in Anneler G\u00fcn\u00fc Etkinlikleri\" \/>\n<meta property=\"og:description\" content=\"Anneler G\u00fcn\u00fc Etkinlikleri \u015firket \u00e7al\u0131\u015fanlar\u0131n\u0131n motivasyonu i\u00e7in \u00e7ok \u00f6nemlidir. Sizin i\u00e7in etkinlikleri organize edebiliriz.\" \/>\n<meta property=\"og:url\" content=\"https:\/\/www.cocukludunya.com\/kurumsal-hizmetler\/anneler-gunu-etkinlikleri\/\" \/>\n<meta property=\"og:site_name\" content=\"Kurumsal Organizasyon ve \u015eirket \u0130\u00e7i Motivasyon Etkinlikleri\" \/>\n<meta property=\"article:publisher\" content=\"https:\/\/www.facebook.com\/CocukluDunya\/\" \/>\n<meta property=\"article:modified_time\" content=\"2023-05-08T17:28:03+00:00\" \/>\n<meta name=\"twitter:card\" content=\"summary_large_image\" \/>\n<meta name=\"twitter:label1\" content=\"Tahmini okuma s\u00fcresi\" \/>\n\t<meta name=\"twitter:data1\" content=\"4 dakika\" \/>\n<script type=\"application\/ld+json\" class=\"yoast-schema-graph\">{\"@context\":\"https:\/\/schema.org\",\"@graph\":[{\"@type\":\"WebPage\",\"@id\":\"https:\/\/www.cocukludunya.com\/kurumsal-hizmetler\/anneler-gunu-etkinlikleri\/\",\"url\":\"https:\/\/www.cocukludunya.com\/kurumsal-hizmetler\/anneler-gunu-etkinlikleri\/\",\"name\":\"\u015eirketler \u0130\u00e7in Anneler G\u00fcn\u00fc Etkinlikleri\",\"isPartOf\":{\"@id\":\"https:\/\/www.cocukludunya.com\/kurumsal-hizmetler\/#website\"},\"datePublished\":\"2023-04-28T11:11:13+00:00\",\"dateModified\":\"2023-05-08T17:28:03+00:00\",\"description\":\"Anneler G\u00fcn\u00fc Etkinlikleri \u015firket \u00e7al\u0131\u015fanlar\u0131n\u0131n motivasyonu i\u00e7in \u00e7ok \u00f6nemlidir. Sizin i\u00e7in etkinlikleri organize edebiliriz.\",\"breadcrumb\":{\"@id\":\"https:\/\/www.cocukludunya.com\/kurumsal-hizmetler\/anneler-gunu-etkinlikleri\/#breadcrumb\"},\"inLanguage\":\"tr\",\"potentialAction\":[{\"@type\":\"ReadAction\",\"target\":[\"https:\/\/www.cocukludunya.com\/kurumsal-hizmetler\/anneler-gunu-etkinlikleri\/\"]}]},{\"@type\":\"BreadcrumbList\",\"@id\":\"https:\/\/www.cocukludunya.com\/kurumsal-hizmetler\/anneler-gunu-etkinlikleri\/#breadcrumb\",\"itemListElement\":[{\"@type\":\"ListItem\",\"position\":1,\"name\":\"Anasayfa\",\"item\":\"https:\/\/www.cocukludunya.com\/kurumsal-hizmetler\/\"},{\"@type\":\"ListItem\",\"position\":2,\"name\":\"Anneler G\u00fcn\u00fc etkinlikleri\"}]},{\"@type\":\"WebSite\",\"@id\":\"https:\/\/www.cocukludunya.com\/kurumsal-hizmetler\/#website\",\"url\":\"https:\/\/www.cocukludunya.com\/kurumsal-hizmetler\/\",\"name\":\"Kurumsal Organizasyon ve \u015eirket \u0130\u00e7i Motivasyon Etkinlikleri\",\"description\":\"\u015eirket Etkinlikleri | \u00c7ocukluD\u00fcnya Kurumsal\",\"publisher\":{\"@id\":\"https:\/\/www.cocukludunya.com\/kurumsal-hizmetler\/#organization\"},\"potentialAction\":[{\"@type\":\"SearchAction\",\"target\":{\"@type\":\"EntryPoint\",\"urlTemplate\":\"https:\/\/www.cocukludunya.com\/kurumsal-hizmetler\/?s={search_term_string}\"},\"query-input\":{\"@type\":\"PropertyValueSpecification\",\"valueRequired\":true,\"valueName\":\"search_term_string\"}}],\"inLanguage\":\"tr\"},{\"@type\":\"Organization\",\"@id\":\"https:\/\/www.cocukludunya.com\/kurumsal-hizmetler\/#organization\",\"name\":\"\u00c7ocukluD\u00fcnya Kurumsal Hizmetlerimiz\",\"url\":\"https:\/\/www.cocukludunya.com\/kurumsal-hizmetler\/\",\"logo\":{\"@type\":\"ImageObject\",\"inLanguage\":\"tr\",\"@id\":\"https:\/\/www.cocukludunya.com\/kurumsal-hizmetler\/#\/schema\/logo\/image\/\",\"url\":\"https:\/\/www.cocukludunya.com\/kurumsal-hizmetler\/wp-content\/uploads\/cropped-cropped-cropped-CocukluDunya-kurumsal-logo.png\",\"contentUrl\":\"https:\/\/www.cocukludunya.com\/kurumsal-hizmetler\/wp-content\/uploads\/cropped-cropped-cropped-CocukluDunya-kurumsal-logo.png\",\"width\":893,\"height\":550,\"caption\":\"\u00c7ocukluD\u00fcnya Kurumsal Hizmetlerimiz\"},\"image\":{\"@id\":\"https:\/\/www.cocukludunya.com\/kurumsal-hizmetler\/#\/schema\/logo\/image\/\"},\"sameAs\":[\"https:\/\/www.facebook.com\/CocukluDunya\/\",\"https:\/\/www.instagram.com\/cocukludunya\/\",\"https:\/\/www.youtube.com\/c\/cocukludunya\",\"https:\/\/www.tiktok.com\/@cocukludunya\"]}]}<\/script>\n<!-- \/ Yoast SEO plugin. -->","yoast_head_json":{"title":"\u015eirketler \u0130\u00e7in Anneler G\u00fcn\u00fc Etkinlikleri","description":"Anneler G\u00fcn\u00fc Etkinlikleri \u015firket \u00e7al\u0131\u015fanlar\u0131n\u0131n motivasyonu i\u00e7in \u00e7ok \u00f6nemlidir. Sizin i\u00e7in etkinlikleri organize edebiliriz.","robots":{"index":"index","follow":"follow","max-snippet":"max-snippet:-1","max-image-preview":"max-image-preview:large","max-video-preview":"max-video-preview:-1"},"canonical":"https:\/\/www.cocukludunya.com\/kurumsal-hizmetler\/anneler-gunu-etkinlikleri\/","og_locale":"tr_TR","og_type":"article","og_title":"\u015eirketler \u0130\u00e7in Anneler G\u00fcn\u00fc Etkinlikleri","og_description":"Anneler G\u00fcn\u00fc Etkinlikleri \u015firket \u00e7al\u0131\u015fanlar\u0131n\u0131n motivasyonu i\u00e7in \u00e7ok \u00f6nemlidir. Sizin i\u00e7in etkinlikleri organize edebiliriz.","og_url":"https:\/\/www.cocukludunya.com\/kurumsal-hizmetler\/anneler-gunu-etkinlikleri\/","og_site_name":"Kurumsal Organizasyon ve \u015eirket \u0130\u00e7i Motivasyon Etkinlikleri","article_publisher":"https:\/\/www.facebook.com\/CocukluDunya\/","article_modified_time":"2023-05-08T17:28:03+00:00","twitter_card":"summary_large_image","twitter_misc":{"Tahmini okuma s\u00fcresi":"4 dakika"},"schema":{"@context":"https:\/\/schema.org","@graph":[{"@type":"WebPage","@id":"https:\/\/www.cocukludunya.com\/kurumsal-hizmetler\/anneler-gunu-etkinlikleri\/","url":"https:\/\/www.cocukludunya.com\/kurumsal-hizmetler\/anneler-gunu-etkinlikleri\/","name":"\u015eirketler \u0130\u00e7in Anneler G\u00fcn\u00fc Etkinlikleri","isPartOf":{"@id":"https:\/\/www.cocukludunya.com\/kurumsal-hizmetler\/#website"},"datePublished":"2023-04-28T11:11:13+00:00","dateModified":"2023-05-08T17:28:03+00:00","description":"Anneler G\u00fcn\u00fc Etkinlikleri \u015firket \u00e7al\u0131\u015fanlar\u0131n\u0131n motivasyonu i\u00e7in \u00e7ok \u00f6nemlidir. Sizin i\u00e7in etkinlikleri organize edebiliriz.","breadcrumb":{"@id":"https:\/\/www.cocukludunya.com\/kurumsal-hizmetler\/anneler-gunu-etkinlikleri\/#breadcrumb"},"inLanguage":"tr","potentialAction":[{"@type":"ReadAction","target":["https:\/\/www.cocukludunya.com\/kurumsal-hizmetler\/anneler-gunu-etkinlikleri\/"]}]},{"@type":"BreadcrumbList","@id":"https:\/\/www.cocukludunya.com\/kurumsal-hizmetler\/anneler-gunu-etkinlikleri\/#breadcrumb","itemListElement":[{"@type":"ListItem","position":1,"name":"Anasayfa","item":"https:\/\/www.cocukludunya.com\/kurumsal-hizmetler\/"},{"@type":"ListItem","position":2,"name":"Anneler G\u00fcn\u00fc etkinlikleri"}]},{"@type":"WebSite","@id":"https:\/\/www.cocukludunya.com\/kurumsal-hizmetler\/#website","url":"https:\/\/www.cocukludunya.com\/kurumsal-hizmetler\/","name":"Kurumsal Organizasyon ve \u015eirket \u0130\u00e7i Motivasyon Etkinlikleri","description":"\u015eirket Etkinlikleri | \u00c7ocukluD\u00fcnya Kurumsal","publisher":{"@id":"https:\/\/www.cocukludunya.com\/kurumsal-hizmetler\/#organization"},"potentialAction":[{"@type":"SearchAction","target":{"@type":"EntryPoint","urlTemplate":"https:\/\/www.cocukludunya.com\/kurumsal-hizmetler\/?s={search_term_string}"},"query-input":{"@type":"PropertyValueSpecification","valueRequired":true,"valueName":"search_term_string"}}],"inLanguage":"tr"},{"@type":"Organization","@id":"https:\/\/www.cocukludunya.com\/kurumsal-hizmetler\/#organization","name":"\u00c7ocukluD\u00fcnya Kurumsal Hizmetlerimiz","url":"https:\/\/www.cocukludunya.com\/kurumsal-hizmetler\/","logo":{"@type":"ImageObject","inLanguage":"tr","@id":"https:\/\/www.cocukludunya.com\/kurumsal-hizmetler\/#\/schema\/logo\/image\/","url":"https:\/\/www.cocukludunya.com\/kurumsal-hizmetler\/wp-content\/uploads\/cropped-cropped-cropped-CocukluDunya-kurumsal-logo.png","contentUrl":"https:\/\/www.cocukludunya.com\/kurumsal-hizmetler\/wp-content\/uploads\/cropped-cropped-cropped-CocukluDunya-kurumsal-logo.png","width":893,"height":550,"caption":"\u00c7ocukluD\u00fcnya Kurumsal Hizmetlerimiz"},"image":{"@id":"https:\/\/www.cocukludunya.com\/kurumsal-hizmetler\/#\/schema\/logo\/image\/"},"sameAs":["https:\/\/www.facebook.com\/CocukluDunya\/","https:\/\/www.instagram.com\/cocukludunya\/","https:\/\/www.youtube.com\/c\/cocukludunya","https:\/\/www.tiktok.com\/@cocukludunya"]}]}},"_links":{"self":[{"href":"https:\/\/www.cocukludunya.com\/kurumsal-hizmetler\/wp-json\/wp\/v2\/pages\/1568","targetHints":{"allow":["GET"]}}],"collection":[{"href":"https:\/\/www.cocukludunya.com\/kurumsal-hizmetler\/wp-json\/wp\/v2\/pages"}],"about":[{"href":"https:\/\/www.cocukludunya.com\/kurumsal-hizmetler\/wp-json\/wp\/v2\/types\/page"}],"author":[{"embeddable":true,"href":"https:\/\/www.cocukludunya.com\/kurumsal-hizmetler\/wp-json\/wp\/v2\/users\/2"}],"replies":[{"embeddable":true,"href":"https:\/\/www.cocukludunya.com\/kurumsal-hizmetler\/wp-json\/wp\/v2\/comments?post=1568"}],"version-history":[{"count":0,"href":"https:\/\/www.cocukludunya.com\/kurumsal-hizmetler\/wp-json\/wp\/v2\/pages\/1568\/revisions"}],"wp:attachment":[{"href":"https:\/\/www.cocukludunya.com\/kurumsal-hizmetler\/wp-json\/wp\/v2\/media?parent=1568"}],"curies":[{"name":"wp","href":"https:\/\/api.w.org\/{rel}","templated":true}]}}